{"id":10,"date":"2025-04-26T19:04:08","date_gmt":"2025-04-26T17:04:08","guid":{"rendered":"https:\/\/mariage.lucasbaudu.in\/?page_id=10"},"modified":"2025-06-19T22:37:53","modified_gmt":"2025-06-19T20:37:53","slug":"10-2","status":"publish","type":"page","link":"https:\/\/mariage.lucasbaudu.in\/","title":{"rendered":""},"content":{"rendered":"\n<div class=\"wp-block-group alignfull has-base-2-background-color has-background is-layout-flow wp-block-group-is-layout-flow\" style=\"padding-right:var(--wp--preset--spacing--60);padding-bottom:var(--wp--preset--spacing--60);padding-left:var(--wp--preset--spacing--60)\">\n<div class=\"wp-block-group wp-container-content-70fa0643 is-vertical is-content-justification-center is-layout-flex wp-container-core-group-is-layout-6207f4d0 wp-block-group-is-layout-flex\" style=\"padding-top:0;padding-bottom:var(--wp--preset--spacing--60)\">\n<h2 class=\"wp-block-heading has-text-align-center has-x-large-font-size\"><strong>\u00c9milie &amp; Lucas<\/strong><\/h2>\n\n\n\n<p class=\"has-text-align-center has-accent-5-color has-text-color has-link-color has-medium-font-size wp-elements-4a7e4557da72d7f6845ec7c7ada73e08 wp-container-content-69bc4bdf\" style=\"padding-bottom:0\">Sont&nbsp;heureux de&nbsp;vous&nbsp;convier \u00e0&nbsp;leur&nbsp;mariage le&nbsp;samedi&nbsp;2&nbsp;Ao\u00fbt&nbsp;2025.<\/p>\n\n\n\n<iframe loading=\"lazy\" id=\"online-alarm-kur-iframe\" src=\"https:\/\/embed-countdown.onlinealarmkur.com\/fr\/#2025-08-02T14:00:00@Europe%2FParis\" width=\"360\" height=\"80\" style=\"display: block; margin: 0px auto; border: 0px;\"><\/iframe>\n<\/div>\n\n\n\n<div class=\"wp-block-group wp-container-content-69bc4bdf is-layout-grid wp-container-core-group-is-layout-b757edec wp-block-group-is-layout-grid\">\n<div class=\"wp-block-group wp-container-content-5e2576f9 is-vertical is-content-justification-center is-layout-flex wp-container-core-group-is-layout-ce155fab wp-block-group-is-layout-flex\">\n<figure class=\"wp-block-image size-full is-style-rounded is-style-rounded--1\"><img loading=\"lazy\" decoding=\"async\" width=\"1024\" height=\"1024\" src=\"https:\/\/mariage.lucasbaudu.in\/wp-content\/uploads\/2025\/05\/emilie.png\" alt=\"\" class=\"wp-image-209\" style=\"object-fit:cover\" srcset=\"https:\/\/mariage.lucasbaudu.in\/wp-content\/uploads\/2025\/05\/emilie.png 1024w, https:\/\/mariage.lucasbaudu.in\/wp-content\/uploads\/2025\/05\/emilie-300x300.png 300w, https:\/\/mariage.lucasbaudu.in\/wp-content\/uploads\/2025\/05\/emilie-150x150.png 150w, https:\/\/mariage.lucasbaudu.in\/wp-content\/uploads\/2025\/05\/emilie-768x768.png 768w\" sizes=\"auto, (max-width: 1024px) 100vw, 1024px\" \/><\/figure>\n\n\n\n<h2 class=\"wp-block-heading has-text-align-right has-large-font-size\">\u00c9milie<strong> LAGACHE<\/strong><\/h2>\n<\/div>\n\n\n\n<div class=\"wp-block-group is-vertical is-content-justification-center is-layout-flex wp-container-core-group-is-layout-ce155fab wp-block-group-is-layout-flex\">\n<figure class=\"wp-block-image size-full is-style-rounded is-style-rounded--2\"><img loading=\"lazy\" decoding=\"async\" width=\"1024\" height=\"1024\" src=\"https:\/\/mariage.lucasbaudu.in\/wp-content\/uploads\/2025\/05\/lucas.png\" alt=\"\" class=\"wp-image-210\" style=\"aspect-ratio:1;object-fit:cover\" srcset=\"https:\/\/mariage.lucasbaudu.in\/wp-content\/uploads\/2025\/05\/lucas.png 1024w, https:\/\/mariage.lucasbaudu.in\/wp-content\/uploads\/2025\/05\/lucas-300x300.png 300w, https:\/\/mariage.lucasbaudu.in\/wp-content\/uploads\/2025\/05\/lucas-150x150.png 150w, https:\/\/mariage.lucasbaudu.in\/wp-content\/uploads\/2025\/05\/lucas-768x768.png 768w\" sizes=\"auto, (max-width: 1024px) 100vw, 1024px\" \/><\/figure>\n\n\n\n<h2 class=\"wp-block-heading has-large-font-size\">Lucas<strong> BAUDUIN<\/strong><\/h2>\n<\/div>\n<\/div>\n\n\n\n<div class=\"wp-block-group wp-container-content-70fa0643 is-vertical is-content-justification-center is-layout-flex wp-container-core-group-is-layout-80cdea9d wp-block-group-is-layout-flex\" style=\"padding-top:var(--wp--preset--spacing--60);padding-bottom:var(--wp--preset--spacing--60)\">\n<h3 class=\"wp-block-heading has-text-align-center has-x-large-font-size\"><strong>Nous allons nous&nbsp;dire&nbsp;oui&nbsp;!<\/strong><\/h3>\n<\/div>\n\n\n\n<h3 class=\"wp-block-heading has-text-align-left has-x-large-font-size\" style=\"margin-bottom:var(--wp--preset--spacing--30)\">Les <strong>Rendez-vous<\/strong> :<\/h3>\n\n\n\n<div class=\"wp-block-group is-vertical is-content-justification-center is-layout-flex wp-container-core-group-is-layout-c4452f74 wp-block-group-is-layout-flex\" style=\"padding-bottom:0\">\n<div class=\"wp-block-group wp-container-content-69bc4bdf is-vertical is-nowrap is-layout-flex wp-container-core-group-is-layout-3655d5c7 wp-block-group-is-layout-flex\">\n<h4 class=\"wp-block-heading has-large-font-size\">C\u00e9r\u00e9monie <\/h4>\n\n\n\n<p class=\"is-style-default has-medium-font-size\"><strong>14h30<\/strong> \u00e0 H\u00f4tel de Ville de <strong>Carvin<\/strong>.<\/p>\n\n\n\n<p class=\"has-medium-font-size\">Pr\u00e9voyez d&rsquo;arriver avec 30 minutes d&rsquo;avance.<\/p>\n\n\n\n<p class=\"has-contrast-2-color has-text-color has-medium-font-size\">1 Rue Thibaut, 62220 Carvin.<\/p>\n\n\n\n<figure class=\"wp-block-image size-full is-style-rounded is-style-rounded--3\" style=\"margin-bottom:0\"><img loading=\"lazy\" decoding=\"async\" width=\"1536\" height=\"1024\" src=\"https:\/\/mariage.lucasbaudu.in\/wp-content\/uploads\/2025\/05\/D12A1C00-A6E0-46D6-8975-707FFAC8ACE7.png\" alt=\"\" class=\"wp-image-273\" srcset=\"https:\/\/mariage.lucasbaudu.in\/wp-content\/uploads\/2025\/05\/D12A1C00-A6E0-46D6-8975-707FFAC8ACE7.png 1536w, https:\/\/mariage.lucasbaudu.in\/wp-content\/uploads\/2025\/05\/D12A1C00-A6E0-46D6-8975-707FFAC8ACE7-300x200.png 300w\" sizes=\"auto, (max-width: 1536px) 100vw, 1536px\" \/><\/figure>\n<\/div>\n\n\n\n<div class=\"wp-block-group is-vertical is-nowrap is-layout-flex wp-container-core-group-is-layout-83f4f36e wp-block-group-is-layout-flex\" style=\"padding-top:var(--wp--preset--spacing--50);padding-bottom:var(--wp--preset--spacing--50)\">\n<h4 class=\"wp-block-heading has-large-font-size\">Vin d&rsquo;honneur et D\u00eener<\/h4>\n\n\n\n<p class=\"is-style-default has-medium-font-size\"><strong>15h45<\/strong> \u00e0 O Green du Ch\u00e2teau d\u2019<strong>Hem<\/strong>.<\/p>\n\n\n\n<p class=\"has-contrast-2-color has-text-color has-medium-font-size\">61 Av. Henri Delecroix, 59510 Hem.<\/p>\n\n\n\n<figure class=\"wp-block-image size-full is-style-rounded is-style-rounded--4\"><img loading=\"lazy\" decoding=\"async\" width=\"1536\" height=\"1024\" src=\"https:\/\/mariage.lucasbaudu.in\/wp-content\/uploads\/2025\/04\/15AA3F2F-28E1-4ECF-A712-F70915AC3E69-1.jpg\" alt=\"\" class=\"wp-image-147\" srcset=\"https:\/\/mariage.lucasbaudu.in\/wp-content\/uploads\/2025\/04\/15AA3F2F-28E1-4ECF-A712-F70915AC3E69-1.jpg 1536w, https:\/\/mariage.lucasbaudu.in\/wp-content\/uploads\/2025\/04\/15AA3F2F-28E1-4ECF-A712-F70915AC3E69-1-300x200.jpg 300w, https:\/\/mariage.lucasbaudu.in\/wp-content\/uploads\/2025\/04\/15AA3F2F-28E1-4ECF-A712-F70915AC3E69-1-1024x683.jpg 1024w, https:\/\/mariage.lucasbaudu.in\/wp-content\/uploads\/2025\/04\/15AA3F2F-28E1-4ECF-A712-F70915AC3E69-1-768x512.jpg 768w\" sizes=\"auto, (max-width: 1536px) 100vw, 1536px\" \/><\/figure>\n<\/div>\n<\/div>\n<\/div>\n\n\n\n<div class=\"wp-block-group alignfull has-contrast-color has-text-color has-background has-link-color wp-elements-2ad0f849d892544a43366113117569d5 has-global-padding is-layout-constrained wp-container-core-group-is-layout-d89aad35 wp-block-group-is-layout-constrained\" style=\"background-color:#fef7f0;margin-top:0;margin-bottom:0;padding-top:var(--wp--preset--spacing--50);padding-right:var(--wp--preset--spacing--50);padding-bottom:var(--wp--preset--spacing--50);padding-left:var(--wp--preset--spacing--50)\">\n<h2 class=\"wp-block-heading alignwide has-contrast-color has-text-color has-link-color has-x-large-font-size wp-elements-b4bdee59a5a1135b1e017717b8e8b9eb\" style=\"letter-spacing:-0.02em\">Quelques&nbsp;informations<\/h2>\n\n\n\n<div class=\"wp-block-group alignwide is-layout-flow wp-block-group-is-layout-flow\">\n<hr class=\"wp-block-separator has-text-color has-base-color has-alpha-channel-opacity has-base-background-color has-background is-style-wide\" style=\"margin-top:var(--wp--preset--spacing--30);margin-bottom:var(--wp--preset--spacing--30)\"\/>\n\n\n\n<h3 class=\"wp-block-heading alignwide has-contrast-color has-text-color has-link-color has-large-font-size wp-elements-3b357b2a8ec4e6601c9e27ee8ca28e9d\">Pour la c\u00e9r\u00e9monie, o\u00f9 peut-on se garer ?<\/h3>\n\n\n\n<p class=\"has-contrast-1-color has-text-color has-link-color wp-elements-e8b91414d294f9eb03886db49518be42\">Attention l&rsquo;acc\u00e8s au parking de l&rsquo;h\u00f4tel de ville n&rsquo;est accessible qu&rsquo;aux mari\u00e9s !<\/p>\n\n\n\n<p class=\"has-contrast-1-color has-text-color has-link-color wp-elements-ff861d304f55d733fb77bb4e05611ad3\">Des parkings se trouvent \u00e0 proximit\u00e9 de la mairie aux adresses suivantes :<\/p>\n\n\n\n<ul class=\"wp-block-list\">\n<li>19 Rue Thibaut, 62220 Carvin, France<\/li>\n\n\n\n<li>18 Rue Louis Pasteur, 62220 Carvin, France<\/li>\n<\/ul>\n\n\n\n<hr class=\"wp-block-separator has-text-color has-contrast-color has-alpha-channel-opacity has-contrast-background-color has-background is-style-wide\" style=\"margin-top:var(--wp--preset--spacing--30);margin-bottom:var(--wp--preset--spacing--30)\"\/>\n<\/div>\n\n\n\n<div class=\"wp-block-group alignwide is-layout-flow wp-block-group-is-layout-flow\">\n<hr class=\"wp-block-separator has-text-color has-base-color has-alpha-channel-opacity has-base-background-color has-background is-style-wide\" style=\"margin-top:var(--wp--preset--spacing--30);margin-bottom:var(--wp--preset--spacing--30)\"\/>\n\n\n\n<h3 class=\"wp-block-heading alignwide has-contrast-color has-text-color has-link-color has-large-font-size wp-elements-818ef2676fbeea978f97a8c95ce24939\">Il y a t-il un dress code \u00e0 respecter ?<\/h3>\n\n\n\n<p class=\"has-contrast-1-color has-text-color has-link-color wp-elements-625b47500c26150a49cb28ee54d12b4d\">Non ! Venez comme vous \u00eates !<\/p>\n\n\n\n<hr class=\"wp-block-separator has-text-color has-contrast-color has-alpha-channel-opacity has-contrast-background-color has-background is-style-wide\" style=\"margin-top:var(--wp--preset--spacing--30);margin-bottom:var(--wp--preset--spacing--30)\"\/>\n<\/div>\n<\/div>\n\n\n\n<div class=\"wp-block-group alignfull has-global-padding is-layout-constrained wp-container-core-group-is-layout-490fa1db wp-block-group-is-layout-constrained\" style=\"padding-top:var(--wp--preset--spacing--50);padding-right:var(--wp--preset--spacing--50);padding-bottom:var(--wp--preset--spacing--50);padding-left:var(--wp--preset--spacing--50)\">\n<div style=\"height:100px\" aria-hidden=\"true\" class=\"wp-block-spacer\"><\/div>\n\n\n\n<div class=\"wp-block-group has-global-padding is-layout-constrained wp-container-core-group-is-layout-650790e1 wp-block-group-is-layout-constrained\">\n<h2 class=\"wp-block-heading has-text-align-center has-x-large-font-size\">Confirmez&nbsp;votre pr\u00e9sence<\/h2>\n\n\n\n<div style=\"height:1.25rem\" aria-hidden=\"true\" class=\"wp-block-spacer\"><\/div>\n\n\n\n<p class=\"has-text-align-center has-medium-font-size\">Confirmez&nbsp;votre&nbsp;pr\u00e9sence avant&nbsp;le&nbsp;15&nbsp;juillet 2025&nbsp;par&nbsp;e-mail&nbsp;\u00e0&nbsp;l&rsquo;adresse <a href=\"mailto:mariage-emilie@lucasbaudu.in?subject=Pr\u00e9sence au mariage&amp;body=Bonjour,%0D%0A%0D%0AJe serai pr\u00e9sent au mariage [accompagn\u00e9 de Pr\u00e9nom NOM, [\u2026]]%0D%0A%0D%0ACordialement,%0D%0A%0D%0APr\u00e9nom NOM\">mariage-emilie@lucasbaudu.in<\/a>.<\/p>\n\n\n\n<div style=\"height:50px\" aria-hidden=\"true\" class=\"wp-block-spacer\"><\/div>\n\n\n\n<div class=\"wp-block-buttons is-content-justification-center is-layout-flex wp-container-core-buttons-is-layout-a89b3969 wp-block-buttons-is-layout-flex\">\n<div class=\"wp-block-button is-style-outline is-style-outline--5\"><a class=\"wp-block-button__link wp-element-button\" href=\"https:\/\/calendar.google.com\/calendar\/ical\/c9261191376246348a0288258261c693424ab49519851b610f0a0d85ebc6fb36%40group.calendar.google.com\/public\/basic.ics\">Ajouter au calendrier<\/a><\/div>\n<\/div>\n<\/div>\n\n\n\n<div style=\"height:150px\" aria-hidden=\"true\" class=\"wp-block-spacer\"><\/div>\n\n\n\n<h2 class=\"wp-block-heading has-text-align-center has-xx-large-font-size\"><strong>\u00c0 bient\u00f4t<\/strong> \u2026 !<\/h2>\n\n\n\n<figure class=\"wp-block-image alignwide size-full is-style-default\"><img loading=\"lazy\" decoding=\"async\" width=\"1024\" height=\"1024\" src=\"https:\/\/mariage.lucasbaudu.in\/wp-content\/uploads\/2025\/05\/lucas-emilie.png\" alt=\"\" class=\"wp-image-238\" srcset=\"https:\/\/mariage.lucasbaudu.in\/wp-content\/uploads\/2025\/05\/lucas-emilie.png 1024w, https:\/\/mariage.lucasbaudu.in\/wp-content\/uploads\/2025\/05\/lucas-emilie-300x300.png 300w, https:\/\/mariage.lucasbaudu.in\/wp-content\/uploads\/2025\/05\/lucas-emilie-150x150.png 150w, https:\/\/mariage.lucasbaudu.in\/wp-content\/uploads\/2025\/05\/lucas-emilie-768x768.png 768w\" sizes=\"auto, (max-width: 1024px) 100vw, 1024px\" \/><\/figure>\n<\/div>\n","protected":false},"excerpt":{"rendered":"<p>\u00c9milie &amp; Lucas Sont&nbsp;heureux de&nbsp;vous&nbsp;convier \u00e0&nbsp;leur&nbsp;mariage le&nbsp;samedi&nbsp;2&nbsp;Ao\u00fbt&nbsp;2025. \u00c9milie LAGACHE Lucas BAUDUIN Nous allons nous&nbsp;dire&nbsp;oui&nbsp;! Les Rendez-vous : C\u00e9r\u00e9monie 14h30 \u00e0 H\u00f4tel de Ville de Carvin. Pr\u00e9voyez d&rsquo;arriver avec 30 minutes d&rsquo;avance. 1 Rue Thibaut, 62220 Carvin. Vin d&rsquo;honneur et D\u00eener 15h45 \u00e0 O Green du Ch\u00e2teau d\u2019Hem. 61 Av. Henri Delecroix, 59510 Hem. Quelques&nbsp;informations Pour [&hellip;]<\/p>\n","protected":false},"author":1,"featured_media":0,"parent":0,"menu_order":0,"comment_status":"closed","ping_status":"closed","template":"","meta":{"footnotes":""},"class_list":["post-10","page","type-page","status-publish","hentry"],"_links":{"self":[{"href":"https:\/\/mariage.lucasbaudu.in\/index.php\/wp-json\/wp\/v2\/pages\/10","targetHints":{"allow":["GET"]}}],"collection":[{"href":"https:\/\/mariage.lucasbaudu.in\/index.php\/wp-json\/wp\/v2\/pages"}],"about":[{"href":"https:\/\/mariage.lucasbaudu.in\/index.php\/wp-json\/wp\/v2\/types\/page"}],"author":[{"embeddable":true,"href":"https:\/\/mariage.lucasbaudu.in\/index.php\/wp-json\/wp\/v2\/users\/1"}],"replies":[{"embeddable":true,"href":"https:\/\/mariage.lucasbaudu.in\/index.php\/wp-json\/wp\/v2\/comments?post=10"}],"version-history":[{"count":174,"href":"https:\/\/mariage.lucasbaudu.in\/index.php\/wp-json\/wp\/v2\/pages\/10\/revisions"}],"predecessor-version":[{"id":290,"href":"https:\/\/mariage.lucasbaudu.in\/index.php\/wp-json\/wp\/v2\/pages\/10\/revisions\/290"}],"wp:attachment":[{"href":"https:\/\/mariage.lucasbaudu.in\/index.php\/wp-json\/wp\/v2\/media?parent=10"}],"curies":[{"name":"wp","href":"https:\/\/api.w.org\/{rel}","templated":true}]}}